{"id":87,"date":"2020-03-04T22:34:04","date_gmt":"2020-03-04T21:34:04","guid":{"rendered":"http:\/\/strzelnicaswit.pl\/?page_id=87"},"modified":"2020-03-05T16:08:47","modified_gmt":"2020-03-05T15:08:47","slug":"cookie-policy","status":"publish","type":"page","link":"https:\/\/strzelnicaswit.pl\/?page_id=87","title":{"rendered":"COOKIE POLICY"},"content":{"rendered":"\n<p>PLIKI COOKIE<\/p>\n\n\n\n<p class=\"has-small-font-size\">Nasza strona internetowa u\u017cywa plik\u00f3w cookies (tzw. ciasteczka) w celach statystycznych, reklamowych oraz funkcjonalnych. Dzi\u0119ki nim mo\u017cemy indywidualnie dostosowa\u0107 stron\u0119 do twoich potrzeb. Ka\u017cdy mo\u017ce zaakceptowa\u0107 pliki cookies albo ma mo\u017cliwo\u015b\u0107 wy\u0142\u0105czenia ich w przegl\u0105darce, dzi\u0119ki czemu nie b\u0119d\u0105 zbierane \u017cadne informacje. <\/p>\n\n\n\n<div class=\"wp-block-themeisle-blocks-advanced-columns has-2-columns has-desktop-equal-layout has-tablet-equal-layout has-mobile-collapsedRows-layout has-default-gap has-vertical-unset\" id=\"wp-block-themeisle-blocks-advanced-columns-c4089848\" style=\"border-width:0px;border-style:solid;border-color:#000000;border-radius:0px;justify-content:unset\"><div class=\"wp-themeisle-block-overlay\" style=\"opacity:0.5;mix-blend-mode:normal\"><\/div><div class=\"innerblocks-wrap\">\n<div class=\"wp-block-themeisle-blocks-advanced-column\" id=\"wp-block-themeisle-blocks-advanced-column-b3fcf6c5\" style=\"border-width:0px;border-style:solid;border-color:#000000;border-radius:0px\"><\/div>\n\n\n\n<div class=\"wp-block-themeisle-blocks-advanced-column\" id=\"wp-block-themeisle-blocks-advanced-column-7a844bd7\" style=\"border-width:0px;border-style:solid;border-color:#000000;border-radius:0px\"><\/div>\n<\/div><\/div>\n","protected":false},"excerpt":{"rendered":"<p>PLIKI COOKIE Nasza strona internetowa u\u017cywa plik\u00f3w cookies (tzw. ciasteczka) w celach statystycznych, reklamowych oraz funkcjonalnych. Dzi\u0119ki nim mo\u017cemy indywidualnie dostosowa\u0107 stron\u0119 do twoich potrzeb. Ka\u017cdy mo\u017ce zaakceptowa\u0107 pliki cookies albo ma mo\u017cliwo\u015b\u0107 wy\u0142\u0105czenia ich w przegl\u0105darce, dzi\u0119ki czemu nie b\u0119d\u0105 zbierane \u017cadne informacje.<\/p>\n","protected":false},"author":1,"featured_media":0,"parent":0,"menu_order":0,"comment_status":"closed","ping_status":"closed","template":"","meta":{"footnotes":""},"class_list":["post-87","page","type-page","status-publish","hentry"],"_links":{"self":[{"href":"https:\/\/strzelnicaswit.pl\/index.php?rest_route=\/wp\/v2\/pages\/87","targetHints":{"allow":["GET"]}}],"collection":[{"href":"https:\/\/strzelnicaswit.pl\/index.php?rest_route=\/wp\/v2\/pages"}],"about":[{"href":"https:\/\/strzelnicaswit.pl\/index.php?rest_route=\/wp\/v2\/types\/page"}],"author":[{"embeddable":true,"href":"https:\/\/strzelnicaswit.pl\/index.php?rest_route=\/wp\/v2\/users\/1"}],"replies":[{"embeddable":true,"href":"https:\/\/strzelnicaswit.pl\/index.php?rest_route=%2Fwp%2Fv2%2Fcomments&post=87"}],"version-history":[{"count":3,"href":"https:\/\/strzelnicaswit.pl\/index.php?rest_route=\/wp\/v2\/pages\/87\/revisions"}],"predecessor-version":[{"id":174,"href":"https:\/\/strzelnicaswit.pl\/index.php?rest_route=\/wp\/v2\/pages\/87\/revisions\/174"}],"wp:attachment":[{"href":"https:\/\/strzelnicaswit.pl\/index.php?rest_route=%2Fwp%2Fv2%2Fmedia&parent=87"}],"curies":[{"name":"wp","href":"https:\/\/api.w.org\/{rel}","templated":true}]}}