{"id":83,"date":"2020-03-04T22:31:22","date_gmt":"2020-03-04T21:31:22","guid":{"rendered":"http:\/\/strzelnicaswit.pl\/?page_id=83"},"modified":"2020-04-26T10:55:52","modified_gmt":"2020-04-26T08:55:52","slug":"regulamin","status":"publish","type":"page","link":"https:\/\/strzelnicaswit.pl\/?page_id=83","title":{"rendered":"REGULAMIN"},"content":{"rendered":"\n<p>REGULAMIN STRONY<\/p>\n\n\n\n<p class=\"has-small-font-size\">Przed rozpocz\u0119ciem korzystania z witryny internetowej o nazwie strzelnicaswit.pl, (poprzedni adres: strzelnicastarachowice.pl) bardzo prosimy o uwa\u017cne przeczytanie poni\u017cszych informacji. Nale\u017cy pami\u0119ta\u0107, \u017ce uzyskuj\u0105c dost\u0119p do strony lub korzystaj\u0105c z niej, akceptujesz opisane poni\u017cej warunki regulaminu witryny. Je\u017celi uwa\u017casz, \u017ce tre\u015bci i warunki korzystania z witryny nie odpowiadaj\u0105 ci, mo\u017cesz nie wchodzi\u0107 na stron\u0119. Warunki korzystania z witryny mog\u0105 mie\u0107 wprowadzone modyfikacje, wejd\u0105 one w \u017cycie dopiero w momencie opublikowania. Zmiany mog\u0105 by\u0107 spowodowane nowymi uwarunkowaniami prawnymi lub innymi przyczynami zwi\u0105zanymi z dba\u0142o\u015bci\u0105 o dobra os\u00f3b odwiedzaj\u0105cych witryn\u0119. Tym samym zgadzasz si\u0119 okresowo sprawdza\u0107 regulamin witryny, aby mie\u0107 \u015bwiadomo\u015b\u0107 takich zmian. Dalsze korzystanie z witryny b\u0119dzie rozumiane jako akceptacja zmodyfikowanych zmian w regulaminie jaki okre\u015bla zasady korzystania z niniejszej witryny internetowej.<br>Wszelkie informacje jakie s\u0105 przekazywane na adres korespondencyjny witryny b\u0119d\u0105 traktowane jako informacje jawne. Zak\u0142adamy, \u017ce b\u0119d\u0105 one prawdziwe i nie b\u0119d\u0105 narusza\u0107 praw os\u00f3b trzecich.<\/p>\n\n\n\n<p class=\"has-small-font-size\">Witryna internetowa zosta\u0142a opracowana zgodnie z prawem polskim i b\u0119dzie podlega\u0107 temu prawu. Korzystanie z witryny b\u0119dzie uznawane za akceptacj\u0119 tych praw. Wyj\u0105tkiem jest prawo zwi\u0105zane z konfliktem interes\u00f3w. Zapis ten nale\u017cy rozumie\u0107, \u017ce jakiekolwiek dzia\u0142ania lub procedury prawne pomi\u0119dzy w\u0142a\u015bcicielem witryny a Tob\u0105 b\u0119d\u0105 skierowane wy\u0142\u0105cznie do s\u0105du zlokalizowanego w Polsce i reprezentuj\u0105cego polski wymiar sprawiedliwo\u015bci.<\/p>\n\n\n\n<p class=\"has-small-font-size\">Ze strony Administracji witryny informujemy, \u017ce na witrynie mog\u0105 wyst\u0119powa\u0107 nie\u015bcis\u0142o\u015bci, b\u0142\u0119dy techniczne oraz b\u0142\u0119dy zapis\u00f3w w tym w zakresie stosowanego s\u0142ownictwa. Informacje zawarte na stronach witryny s\u0105 przedstawione bez jakiejkolwiek gwarancji, wyra\u017aniej lub sugerowanej zapisem, a w szczeg\u00f3lno\u015bci dorozumianej gwarancji, zadowalaj\u0105cej jako\u015bci zastosowania danych witryny jakie mog\u0105 naruszy\u0107 prawa os\u00f3b trzecich. W\u0142a\u015bciciel witryny w \u017caden spos\u00f3b nie ponosi odpowiedzialno\u015bci za jakiekolwiek straty wynikaj\u0105ce lub zwi\u0105zane z wykorzystaniem dokument\u00f3w witryny lub wynikaj\u0105ce z wchodzenia lub wychodzenia na t\u0119 stron\u0119, przegl\u0105dania jej, wyszukiwania i innego technicznego wykorzystania.<br>W\u0142a\u015bciciel witryny do\u0142o\u017cy wszelkich stara\u0144, aby na witrynie umie\u015bci\u0107 precyzyjne i aktualne informacje, jednak opisuje powy\u017csze zastrze\u017cenia, gdy\u017c nie daje \u017cadnych gwarancji ani interpretacji dotycz\u0105cej ich dok\u0142adno\u015bci lub kompletno\u015bci. Nie ponosi zatem odpowiedzialno\u015bci za straty jakiegokolwiek rodzaju wynikaj\u0105ce z wchodzenia lub nie mo\u017cno\u015bci wej\u015bcia na strony witryny oraz wykorzystania informacji jakie s\u0105 w niej zawarte. Znajduj\u0105ce si\u0119 na witrynie informacje w tym opisy produkt\u00f3w zosta\u0142y umieszczone wy\u0142\u0105cznie jako og\u00f3lna informacja dotycz\u0105ca rodzaju produkt\u00f3w i ich og\u00f3lnych cech. Opisy nie s\u0105 wi\u0119c materia\u0142ami z jakich Klienci mog\u0105 uzyska\u0107 wszelkie wyczerpuj\u0105ce informacje. Je\u017celi interesuje Ci\u0119 okre\u015blony produkt i chcesz o nim uzyska\u0107 wyczerpuj\u0105ce informacje prosimy o kontakt telefoniczny lub mailowy.<br>Informujemy, \u017ce na witrynie znajduj\u0105 si\u0119 r\u00f3\u017cne adresy \u0142\u0105cz internetowych. U\u017cycie okre\u015blonych link\u00f3w mo\u017ce spowodowa\u0107 przekierowanie na inne strony internetowe kt\u00f3rych w\u0142a\u015bcicielem s\u0105 osoby trzecie. Korzystanie w\u00f3wczas z tych stron podlega innym warunkom jakie stanowi\u0105 w\u0142a\u015bciciele tych stron.<br>Informujemy, \u017ce znaki towarowe i logotypy wykorzystywane na stronach witryny s\u0105 zarejestrowane i niezarejestrowane. Znak logotypu witryny jak i znaki os\u00f3b trzecich nie mog\u0105 by\u0107 wykorzystywane w spos\u00f3b inny ni\u017c wyra\u017anie dozwolony przez przepisy prawne i ich w\u0142a\u015bcicieli.<br>W\u0142a\u015bciciel witryny uznaje wag\u0119 informacji osobistych, zasad identyfikacji u\u017cytkownika tj.: danych dotycz\u0105cych nazwiska, adresu, numeru telefonu. Odwiedzanie witryny mo\u017ce mie\u0107 miejsce bez konieczno\u015bci ujawniania jakichkolwiek danych osobowych. Je\u017celi odwiedzaj\u0105cy w jaki\u015b spos\u00f3b poda w\u0142a\u015bcicielowi witryny dane osobowe w celu identyfikacji lub kontaktu, b\u0119d\u0105 one u\u017cyte tylko wy\u0142\u0105cznie w celu kontaktu z osob\u0105 sk\u0142adaj\u0105c\u0105 zapytanie i udzielenia jej stosownych do zapytania informacji.<\/p>\n\n\n\n<p class=\"has-small-font-size\">W\u0142a\u015bcicielem praw autorskich do dokument\u00f3w opublikowanych na serwerze jest w\u0142a\u015bciciel witryny zlokalizowanej pod adresem<a href=\"https:\/\/strzelnicaswit.pl\/\">\u00a0www.strzelnicaswit.pl.<\/a> (poprzedni adres: strzelnicastarachowice.pl) W\u0142a\u015bciciel witryny upowa\u017cnia odwiedzaj\u0105cego witryn\u0119 do reprodukowania tych materia\u0142\u00f3w wy\u0142\u0105cznie w celu wykorzystania nie komercyjnego, pod warunkiem, \u017ce informacja o w\u0142a\u015bcicielu witryny lub link do strony internetowej z jakiej materia\u0142y zosta\u0142y powielone, pojawi si\u0119 na ka\u017cdym egzemplarzu kopii oraz pracach pochodnych, dokumentacji i innych materia\u0142\u00f3w i no\u015bnik\u00f3w informacyjnych zwi\u0105zanych w mo\u017cliwo\u015bci\u0105 wykorzystania tych materia\u0142\u00f3w.<br>Wchodz\u0105c na witryn\u0119 zgadzasz si\u0119 na mo\u017cliwo\u015b\u0107 u\u017cycia plik\u00f3w cookie. Mog\u0105 one by\u0107 cz\u0119\u015bci\u0105 sk\u0142adow\u0105 oprogramowania serwis\u00f3w internetowych, narz\u0119dzi statystycznych, jakie stosuj\u0105 dostawcy us\u0142ug internetowych. Pliki cookie to niewielkie pliki tekstowe. Je\u017celi chcesz si\u0119 o nich dowiedzie\u0107 wi\u0119cej, lub zablokowa\u0107 ich dzia\u0142anie skorzystaj z dost\u0119pnych informacji pod adresem internetowym\u00a0<a rel=\"noreferrer noopener\" href=\"http:\/\/www.allaboutcookies.org\/\" target=\"_blank\">www.allaboutcookies.org<\/a>.<\/p>\n\n\n\n<p class=\"has-small-font-size\">W\u0142a\u015bciciel witryny zastrzega prawo wprowadzania zmian na stronie internetowej w dowolnym czasie. Zmiany mog\u0105 dotyczy\u0107 produkt\u00f3w i us\u0142ug, tre\u015bci informacyjnych, jak r\u00f3wnie\u017c zmian niniejszego o\u015bwiadczenia prawnego.<\/p>\n\n\n\n<div class=\"wp-block-themeisle-blocks-advanced-columns has-2-columns has-desktop-equal-layout has-tablet-equal-layout has-mobile-collapsedRows-layout has-default-gap has-vertical-unset\" id=\"wp-block-themeisle-blocks-advanced-columns-2de21db5\"><div class=\"wp-block-themeisle-blocks-advanced-columns-overlay\"><\/div><div class=\"innerblocks-wrap\">\n<div class=\"wp-block-themeisle-blocks-advanced-column\" id=\"wp-block-themeisle-blocks-advanced-column-0fffa49c\">\n<p><\/p>\n<\/div>\n\n\n\n<div class=\"wp-block-themeisle-blocks-advanced-column\" id=\"wp-block-themeisle-blocks-advanced-column-3a800389\"><\/div>\n<\/div><\/div>\n","protected":false},"excerpt":{"rendered":"<p>REGULAMIN STRONY Przed rozpocz\u0119ciem korzystania z witryny internetowej o nazwie strzelnicaswit.pl, (poprzedni adres: strzelnicastarachowice.pl) bardzo prosimy o uwa\u017cne przeczytanie poni\u017cszych informacji. Nale\u017cy pami\u0119ta\u0107, \u017ce uzyskuj\u0105c dost\u0119p do strony lub korzystaj\u0105c z niej, akceptujesz opisane poni\u017cej warunki regulaminu witryny. Je\u017celi uwa\u017casz, \u017ce tre\u015bci i warunki korzystania z witryny nie odpowiadaj\u0105 ci, [&hellip;]<\/p>\n","protected":false},"author":1,"featured_media":0,"parent":0,"menu_order":0,"comment_status":"closed","ping_status":"closed","template":"","meta":{"footnotes":""},"class_list":["post-83","page","type-page","status-publish","hentry"],"_links":{"self":[{"href":"https:\/\/strzelnicaswit.pl\/index.php?rest_route=\/wp\/v2\/pages\/83","targetHints":{"allow":["GET"]}}],"collection":[{"href":"https:\/\/strzelnicaswit.pl\/index.php?rest_route=\/wp\/v2\/pages"}],"about":[{"href":"https:\/\/strzelnicaswit.pl\/index.php?rest_route=\/wp\/v2\/types\/page"}],"author":[{"embeddable":true,"href":"https:\/\/strzelnicaswit.pl\/index.php?rest_route=\/wp\/v2\/users\/1"}],"replies":[{"embeddable":true,"href":"https:\/\/strzelnicaswit.pl\/index.php?rest_route=%2Fwp%2Fv2%2Fcomments&post=83"}],"version-history":[{"count":6,"href":"https:\/\/strzelnicaswit.pl\/index.php?rest_route=\/wp\/v2\/pages\/83\/revisions"}],"predecessor-version":[{"id":212,"href":"https:\/\/strzelnicaswit.pl\/index.php?rest_route=\/wp\/v2\/pages\/83\/revisions\/212"}],"wp:attachment":[{"href":"https:\/\/strzelnicaswit.pl\/index.php?rest_route=%2Fwp%2Fv2%2Fmedia&parent=83"}],"curies":[{"name":"wp","href":"https:\/\/api.w.org\/{rel}","templated":true}]}}