{"id":37,"date":"2020-03-04T22:25:33","date_gmt":"2020-03-04T21:25:33","guid":{"rendered":"http:\/\/strzelnicaswit.pl\/?page_id=37"},"modified":"2020-04-26T10:53:51","modified_gmt":"2020-04-26T08:53:51","slug":"polityka-prywatnosci","status":"publish","type":"page","link":"https:\/\/strzelnicaswit.pl\/?page_id=37","title":{"rendered":"POLITYKA PRYWATNO\u015aCI"},"content":{"rendered":"\n<p>\n\nPOLITYKA&nbsp;PRYWATNO\u015aCI<br><\/p>\n\n\n\n<p class=\"has-small-font-size\">W ramach ochrony&nbsp;prywatno\u015bci&nbsp;os\u00f3b odwiedzaj\u0105cych niniejsz\u0105 witryn\u0119 internetow\u0105, wszelkie dane osobowe i informacje przekazane przez u\u017cytkownik\u00f3w witryny, s\u0105 chronione zgodnie z przepisami ustawy z dnia 29 sierpnia 1997 r, o ochronie danych osobowych, wydanymi na jej podstawie przepisami wykonawczymi oraz ustaw\u0105 z dnia 18 lipca 2002 r. o \u015bwiadczeniu us\u0142ug drog\u0105 elektroniczn\u0105. Administratorem danych osobowych jakie pozostawi\u0105 w celach kontaktowych dobrowolnie u\u017cytkownicy witryny jest w\u0142a\u015bciciel niniejszej strony internetowej.<br>Przetwarzanie danych osobowych jakie zostan\u0105 przekazane na adres witryny ma na celu jedynie kontakt z osob\u0105 sk\u0142adaj\u0105c\u0105 zapytanie i udzielenie niniejszej osobie stosownych do zapytania informacji. Podanie danych osobowych przez u\u017cytkownik\u00f3w witryny jest dobrowolne i ma na celu przetwarzanie informacji dla cel\u00f3w marketingowych, promocji produkt\u00f3w i us\u0142ug oferowanych przez w\u0142a\u015bciciela witryny. Dane osobowe u\u017cytkownik\u00f3w witryny s\u0105 otrzymywane i pobierane przez udost\u0119pniony adres e-mail na stronach internetowych witryny. Zgoda na przetwarzanie danych osobowych nast\u0119puje poprzez dobrowolne podanie danych osobowych w zakresie informacji przekazanej korespondencj\u0105 na adres witryny internetowej oraz w zakresie podanego adresu e-mail. Przekazanie adresu e-mail oraz dobrowolne podanie danych osobowych jest jednocze\u015bnie wyra\u017ceniem zgody na przes\u0142anie informacji handlowej przez w\u0142a\u015bciciela witryny, w tym informacji zale\u017cnych od z\u0142o\u017conego zapytania przez u\u017cytkownik\u00f3w stron internetowych. U\u017cytkownicy witryny maj\u0105 w ka\u017cdym czasie mo\u017cliwo\u015b\u0107 dost\u0119pu do tre\u015bci danych i ich poprawienia, w tym wyra\u017cenia woli rezygnacji z przechowywania ich danych osobowych, adres\u00f3w e-mail, nie ponosz\u0105c w tym \u017cadnych dodatkowych koszt\u00f3w rezygnacji z dalszych kontakt\u00f3w z warto\u015bciami, informacjami i ofert\u0105 produktow\u0105 jak\u0105 przedstawia niniejsza witryna internetowa. W tym celu u\u017cytkownik witryny powinien przes\u0142a\u0107 stosowne informacje wyra\u017caj\u0105c\u0105 swoj\u0105 wol\u0119 na adres&nbsp;kontaktowy witryny.<br>Zakres udost\u0119pniania i wykorzystania danych przekazanych przez u\u017cytkownik\u00f3w witryny.<br>W\u0142a\u015bciciel witryny nie ujawnia, nie sprzedaje ani nie przekazuje przetwarzanych danych osobowych, z wyj\u0105tkiem gdy:<br>1) U\u017cytkownik witryny wyrazi zgod\u0119 i przedstawi jasne stanowisko co do sposobu realizacji jego woli w tym zakresie,<\/p>\n\n\n\n<p class=\"has-small-font-size\">2) Jest to niezb\u0119dne w celu zrealizowania obowi\u0105zku wynikaj\u0105cego z przepis\u00f3w prawa,<\/p>\n\n\n\n<p class=\"has-small-font-size\">3) Zwi\u0105zane jest to z realizacj\u0105 umowy, gdy u\u017cytkownik witryny, kt\u00f3rego dane dotycz\u0105 jest stron\u0105 umowy, porozumienia, innego prawem okre\u015blonego dokumentu lub te\u017c jest to niezb\u0119dne do podj\u0119cia dzia\u0142a\u0144 przed zawarciem umowy zgodnie z wol\u0105 u\u017cytkownika kt\u00f3rego dane dotycz\u0105.<\/p>\n\n\n\n<p class=\"has-small-font-size\">4) Jest to niezb\u0119dne dla realizacji zada\u0144, prawem przewidzianych i wynikaj\u0105cych z zada\u0144 realizowanych dla dobra publicznego.<\/p>\n\n\n\n<p class=\"has-small-font-size\">5) Wynika to z wykonania prawem usprawiedliwionych cel\u00f3w stosownie do decyzji organ\u00f3w administracji pa\u0144stwowej kt\u00f3re cele te realizuj\u0105.<\/p>\n\n\n\n<p class=\"has-small-font-size\">Przetwarzanie danych osobowych w formie udost\u0119pnienia danych u\u017cytkownik\u00f3w witryny na rzecz kampanii reklamowej, realizacji bada\u0144 marketingowych, mo\u017ce nast\u0105pi\u0107 w oparciu o pisemn\u0105 umow\u0119 pomi\u0119dzy w\u0142a\u015bcicielem witryny a odbiorc\u0105 danych kt\u00f3ry realizuje niniejsze czynno\u015bci marketingowe.<\/p>\n\n\n\n<p class=\"has-small-font-size\">ZGODA NA PRZETWARZANIE DANYCH OSOBOWYCH:<br>Wyra\u017cam zgod\u0119 na przetwarzanie moich danych osobowych zgodnie z Ustaw\u0105 z dnia 29 sierpnia 1997 r. o ochronie danych osobowych (Dz. U. z 2002 r. Nr 101, poz. 926 ze zm.) przez w\u0142a\u015bciciela witryny internetowej o adresie\u00a0<a href=\"http:\/\/strzelnicaswit.pl\/\">http:\/\/strzelnicaswit.pl<\/a>\u00a0, (poprzedni adres: strzelnicastarachowice.pl) w celach promocyjnych i marketingowych. O\u015bwiadczam, \u017ce zosta\u0142em poinformowany o prawie dost\u0119pu do tre\u015bci moich danych oraz ich poprawiania, aktualizacji, uzupe\u0142niania i \u017ce wszelkie dane osobowe zosta\u0142y przekazane przeze mnie dobrowolnie.<br>Wyra\u017cam jednocze\u015bnie zgod\u0119 na otrzymywanie od w\u0142a\u015bciciela witryny <a href=\"http:\/\/strzelnicaswit.pl\">http:\/\/strzelnicaswit.pl<\/a>, (poprzedni adres: strzelnicastarachowice.pl) na podany przeze mnie adres e-mail informacji handlowych zwi\u0105zanych z ofert\u0105 przedstawion\u0105 na niniejszej witrynie, a tak\u017ce innego rodzaju informacji handlowej dotycz\u0105cej rynku produkt\u00f3w i us\u0142ug jakie przedstawia niniejsza witryna internetowa. Potwierdzam r\u00f3wnie\u017c, \u017ce zosta\u0142em poinformowany o tym, i\u017c w ka\u017cdym czasie mog\u0119 zrezygnowa\u0107 z otrzymywania informacji handlowej zwi\u0105zanej\u00a0z witryn\u0105 \u00a0 <a href=\"http:\/\/strzelnicaswit.pl\/\">http:\/\/strzelnicaswit.pl<\/a> (poprzedni adres: strzelnicastarachowice.pl)<\/p>\n\n\n\n<p><\/p>\n","protected":false},"excerpt":{"rendered":"<p>POLITYKA&nbsp;PRYWATNO\u015aCI W ramach ochrony&nbsp;prywatno\u015bci&nbsp;os\u00f3b odwiedzaj\u0105cych niniejsz\u0105 witryn\u0119 internetow\u0105, wszelkie dane osobowe i informacje przekazane przez u\u017cytkownik\u00f3w witryny, s\u0105 chronione zgodnie z przepisami ustawy z dnia 29 sierpnia 1997 r, o ochronie danych osobowych, wydanymi na jej podstawie przepisami wykonawczymi oraz ustaw\u0105 z dnia 18 lipca 2002 r. o \u015bwiadczeniu us\u0142ug [&hellip;]<\/p>\n","protected":false},"author":1,"featured_media":0,"parent":0,"menu_order":0,"comment_status":"closed","ping_status":"closed","template":"","meta":{"footnotes":""},"class_list":["post-37","page","type-page","status-publish","hentry"],"_links":{"self":[{"href":"https:\/\/strzelnicaswit.pl\/index.php?rest_route=\/wp\/v2\/pages\/37","targetHints":{"allow":["GET"]}}],"collection":[{"href":"https:\/\/strzelnicaswit.pl\/index.php?rest_route=\/wp\/v2\/pages"}],"about":[{"href":"https:\/\/strzelnicaswit.pl\/index.php?rest_route=\/wp\/v2\/types\/page"}],"author":[{"embeddable":true,"href":"https:\/\/strzelnicaswit.pl\/index.php?rest_route=\/wp\/v2\/users\/1"}],"replies":[{"embeddable":true,"href":"https:\/\/strzelnicaswit.pl\/index.php?rest_route=%2Fwp%2Fv2%2Fcomments&post=37"}],"version-history":[{"count":3,"href":"https:\/\/strzelnicaswit.pl\/index.php?rest_route=\/wp\/v2\/pages\/37\/revisions"}],"predecessor-version":[{"id":210,"href":"https:\/\/strzelnicaswit.pl\/index.php?rest_route=\/wp\/v2\/pages\/37\/revisions\/210"}],"wp:attachment":[{"href":"https:\/\/strzelnicaswit.pl\/index.php?rest_route=%2Fwp%2Fv2%2Fmedia&parent=37"}],"curies":[{"name":"wp","href":"https:\/\/api.w.org\/{rel}","templated":true}]}}