{"id":3,"date":"2020-03-04T11:45:16","date_gmt":"2020-03-04T10:45:16","guid":{"rendered":"http:\/\/strzelnicaswit.pl\/?page_id=3"},"modified":"2025-02-17T18:13:48","modified_gmt":"2025-02-17T17:13:48","slug":"politique-de-confidentialite","status":"publish","type":"page","link":"https:\/\/strzelnicaswit.pl\/?page_id=3","title":{"rendered":"AKTUALNO\u015aCI"},"content":{"rendered":"\n<p>AKTUALNO\u015aCI<\/p>\n\n\n\n<p><strong>INFORMACJA 2025<\/strong><\/p>\n\n\n\n<p>Witamy w 2025. Dla os\u00f3b zainteresowanych odwiedzeniem strzelnicy, a nie b\u0119d\u0105cych cz\u0142onkami Klubu, przypominamy, \u017ce wizyty nale\u017cy wcze\u015bniej uzgodni\u0107 telefonicznie. Cena wizyty jest zale\u017cna od rodzaju broni i ilo\u015bci amunicji. Szczeg\u00f3\u0142y mo\u017cna ustali\u0107 z instruktorem.<\/p>\n\n\n\n<p><\/p>\n\n\n\n<p class=\"has-accent-color has-text-color has-small-font-size\"><strong>Zawodnicy KS \u015aWIT Starachowice proszeni s\u0105 o odbi\u00f3r licencji zawodniczych za rok 2025. Przypominamy r\u00f3wnie\u017c o konieczno\u015bci uregulowania sk\u0142adek klubowych. <\/strong><\/p>\n\n\n\n<figure class=\"wp-block-image size-large\"><a href=\"https:\/\/www.pzss.org.pl\/patenty-licencje\/komisja-licencyjno-patentowa\"><img loading=\"lazy\" decoding=\"async\" width=\"151\" height=\"79\" src=\"http:\/\/strzelnicaswit.pl\/wp-content\/uploads\/2020\/03\/PZSS.png\" alt=\"PZSS PATENT STRZELECKI\" class=\"wp-image-66\"\/><\/a><\/figure>\n\n\n\n<h3 class=\"wp-block-heading\"><\/h3>\n\n\n\n<figure class=\"wp-block-image size-large\"><img loading=\"lazy\" decoding=\"async\" width=\"1024\" height=\"724\" src=\"http:\/\/strzelnicaswit.pl\/wp-content\/uploads\/2024\/11\/rachunek-bankowy.1-1024x724.jpeg\" alt=\"\" class=\"wp-image-497\" srcset=\"https:\/\/strzelnicaswit.pl\/wp-content\/uploads\/2024\/11\/rachunek-bankowy.1-1024x724.jpeg 1024w, https:\/\/strzelnicaswit.pl\/wp-content\/uploads\/2024\/11\/rachunek-bankowy.1-300x212.jpeg 300w, https:\/\/strzelnicaswit.pl\/wp-content\/uploads\/2024\/11\/rachunek-bankowy.1-768x543.jpeg 768w, https:\/\/strzelnicaswit.pl\/wp-content\/uploads\/2024\/11\/rachunek-bankowy.1-1536x1086.jpeg 1536w, https:\/\/strzelnicaswit.pl\/wp-content\/uploads\/2024\/11\/rachunek-bankowy.1.jpeg 1683w\" sizes=\"auto, (max-width: 1024px) 100vw, 1024px\" \/><\/figure>\n\n\n\n<h3 class=\"wp-block-heading\"><\/h3>\n\n\n\n<p><\/p>\n\n\n\n<p><\/p>\n","protected":false},"excerpt":{"rendered":"<p>AKTUALNO\u015aCI INFORMACJA 2025 Witamy w 2025. Dla os\u00f3b zainteresowanych odwiedzeniem strzelnicy, a nie b\u0119d\u0105cych cz\u0142onkami Klubu, przypominamy, \u017ce wizyty nale\u017cy wcze\u015bniej uzgodni\u0107 telefonicznie. Cena wizyty jest zale\u017cna od rodzaju broni i ilo\u015bci amunicji. Szczeg\u00f3\u0142y mo\u017cna ustali\u0107 z instruktorem. Zawodnicy KS \u015aWIT Starachowice proszeni s\u0105 o odbi\u00f3r licencji zawodniczych za rok [&hellip;]<\/p>\n","protected":false},"author":1,"featured_media":66,"parent":0,"menu_order":0,"comment_status":"closed","ping_status":"open","template":"","meta":{"footnotes":""},"class_list":["post-3","page","type-page","status-publish","has-post-thumbnail","hentry"],"_links":{"self":[{"href":"https:\/\/strzelnicaswit.pl\/index.php?rest_route=\/wp\/v2\/pages\/3","targetHints":{"allow":["GET"]}}],"collection":[{"href":"https:\/\/strzelnicaswit.pl\/index.php?rest_route=\/wp\/v2\/pages"}],"about":[{"href":"https:\/\/strzelnicaswit.pl\/index.php?rest_route=\/wp\/v2\/types\/page"}],"author":[{"embeddable":true,"href":"https:\/\/strzelnicaswit.pl\/index.php?rest_route=\/wp\/v2\/users\/1"}],"replies":[{"embeddable":true,"href":"https:\/\/strzelnicaswit.pl\/index.php?rest_route=%2Fwp%2Fv2%2Fcomments&post=3"}],"version-history":[{"count":23,"href":"https:\/\/strzelnicaswit.pl\/index.php?rest_route=\/wp\/v2\/pages\/3\/revisions"}],"predecessor-version":[{"id":521,"href":"https:\/\/strzelnicaswit.pl\/index.php?rest_route=\/wp\/v2\/pages\/3\/revisions\/521"}],"wp:featuredmedia":[{"embeddable":true,"href":"https:\/\/strzelnicaswit.pl\/index.php?rest_route=\/wp\/v2\/media\/66"}],"wp:attachment":[{"href":"https:\/\/strzelnicaswit.pl\/index.php?rest_route=%2Fwp%2Fv2%2Fmedia&parent=3"}],"curies":[{"name":"wp","href":"https:\/\/api.w.org\/{rel}","templated":true}]}}