{"id":180,"date":"2020-03-05T17:06:49","date_gmt":"2020-03-05T16:06:49","guid":{"rendered":"http:\/\/strzelnicaswit.pl\/?page_id=180"},"modified":"2024-11-24T13:22:07","modified_gmt":"2024-11-24T12:22:07","slug":"oferta","status":"publish","type":"page","link":"https:\/\/strzelnicaswit.pl\/?page_id=180","title":{"rendered":"OFERTA"},"content":{"rendered":"\n<p>OFERTA KLUBU SPORTOWEGO \u015aWIT STARACHOWICE &#8211; STRZELNICA STARACHOWICE<\/p>\n\n\n\n<p class=\"has-small-font-size\">Oferta dla os\u00f3b bez broni w\u0142asnej:<br>(W cenie zawarta jest op\u0142ata za stanowisko strzeleckie, opiek\u0119 instruktora oraz tarcze. P\u0142aci si\u0119 tylko za zu\u017cyt\u0105 amunicj\u0119. Podane ceny dotycz\u0105 jednej sztuki wystrzelonej amunicji. W danej kategorii mo\u017cna wybra\u0107 dowoln\u0105 bro\u0144.) <\/p>\n\n\n\n<p class=\"has-small-font-size\">Aby zacz\u0105\u0107 strzela\u0107 nie potrzebujesz pozwolenia, licencji czy patentu. Wystarczy dow\u00f3d osobisty, nasi instruktorzy udziel\u0105 wszystkich niezb\u0119dnych wskaz\u00f3wek oraz zapewni\u0105 nauk\u0119 obs\u0142ugi broni i bezpiecznego strzelania. Wystarczy, \u017ce zadzwonisz na numer podany w zak\u0142adce Kontakt i um\u00f3wisz si\u0119 na dogodny termin. <\/p>\n\n\n\n<p class=\"has-small-font-size\"> <strong>Jeste\u015bmy czynnym p\u0142atnikiem podatku od towar\u00f3w i us\u0142ug (VA<\/strong>T)<\/p>\n\n\n\n<p class=\"has-small-font-size\">Dodatkowo organizujemy: szkolenia strzeleckie, rekreacyjne i specjalistyczne (s\u0142u\u017cby ochrony), imprezy firmowe po\u0142\u0105czone z sportem strzeleckim, zawody strzeleckie do rangi Mistrzostw \u015awiata.  <\/p>\n\n\n\n<p class=\"has-small-font-size\">Dysponujemy niezb\u0119dnym zapleczem hotelowym, gastronomicznym, szkoleniowym. Je\u017celi chcesz pracowa\u0107, szkoli\u0107 si\u0119 i lubisz sport strzelecki to jeste\u015bmy Firm\u0105\/Klubem jaki szuka\u0142e\u015b.<\/p>\n\n\n\n<p class=\"has-small-font-size\"> Je\u017celi jeste\u015b Cz\u0142onkiem Naszego Klubu mo\u017cesz liczy\u0107 na szereg udogodnie\u0144 i mie\u0107 mo\u017cliwo\u015b\u0107 stale korzystania z infrastruktury strzeleckiej  naszego Klubu. To wszystko w ramach sk\u0142adek cz\u0142onkowskich. <\/p>\n\n\n\n<figure class=\"wp-block-image size-large\"><img loading=\"lazy\" decoding=\"async\" width=\"1024\" height=\"724\" src=\"https:\/\/strzelnicaswit.pl\/wp-content\/uploads\/2024\/11\/rachunek-bankowy.1-1024x724.jpeg\" alt=\"\" class=\"wp-image-497\" srcset=\"https:\/\/strzelnicaswit.pl\/wp-content\/uploads\/2024\/11\/rachunek-bankowy.1-1024x724.jpeg 1024w, https:\/\/strzelnicaswit.pl\/wp-content\/uploads\/2024\/11\/rachunek-bankowy.1-300x212.jpeg 300w, https:\/\/strzelnicaswit.pl\/wp-content\/uploads\/2024\/11\/rachunek-bankowy.1-768x543.jpeg 768w, https:\/\/strzelnicaswit.pl\/wp-content\/uploads\/2024\/11\/rachunek-bankowy.1-1536x1086.jpeg 1536w, https:\/\/strzelnicaswit.pl\/wp-content\/uploads\/2024\/11\/rachunek-bankowy.1.jpeg 1683w\" sizes=\"auto, (max-width: 1024px) 100vw, 1024px\" \/><\/figure>\n\n\n\n<p><\/p>\n","protected":false},"excerpt":{"rendered":"<p>OFERTA KLUBU SPORTOWEGO \u015aWIT STARACHOWICE &#8211; STRZELNICA STARACHOWICE Oferta dla os\u00f3b bez broni w\u0142asnej:(W cenie zawarta jest op\u0142ata za stanowisko strzeleckie, opiek\u0119 instruktora oraz tarcze. P\u0142aci si\u0119 tylko za zu\u017cyt\u0105 amunicj\u0119. Podane ceny dotycz\u0105 jednej sztuki wystrzelonej amunicji. W danej kategorii mo\u017cna wybra\u0107 dowoln\u0105 bro\u0144.) Aby zacz\u0105\u0107 strzela\u0107 nie potrzebujesz [&hellip;]<\/p>\n","protected":false},"author":1,"featured_media":0,"parent":0,"menu_order":0,"comment_status":"closed","ping_status":"closed","template":"","meta":{"footnotes":""},"class_list":["post-180","page","type-page","status-publish","hentry"],"_links":{"self":[{"href":"https:\/\/strzelnicaswit.pl\/index.php?rest_route=\/wp\/v2\/pages\/180","targetHints":{"allow":["GET"]}}],"collection":[{"href":"https:\/\/strzelnicaswit.pl\/index.php?rest_route=\/wp\/v2\/pages"}],"about":[{"href":"https:\/\/strzelnicaswit.pl\/index.php?rest_route=\/wp\/v2\/types\/page"}],"author":[{"embeddable":true,"href":"https:\/\/strzelnicaswit.pl\/index.php?rest_route=\/wp\/v2\/users\/1"}],"replies":[{"embeddable":true,"href":"https:\/\/strzelnicaswit.pl\/index.php?rest_route=%2Fwp%2Fv2%2Fcomments&post=180"}],"version-history":[{"count":3,"href":"https:\/\/strzelnicaswit.pl\/index.php?rest_route=\/wp\/v2\/pages\/180\/revisions"}],"predecessor-version":[{"id":498,"href":"https:\/\/strzelnicaswit.pl\/index.php?rest_route=\/wp\/v2\/pages\/180\/revisions\/498"}],"wp:attachment":[{"href":"https:\/\/strzelnicaswit.pl\/index.php?rest_route=%2Fwp%2Fv2%2Fmedia&parent=180"}],"curies":[{"name":"wp","href":"https:\/\/api.w.org\/{rel}","templated":true}]}}